{"id":1426,"date":"2024-07-17T20:04:26","date_gmt":"2024-07-17T20:04:26","guid":{"rendered":"https:\/\/staging.tropicaltijuana.com\/?page_id=1426"},"modified":"2024-12-05T22:34:27","modified_gmt":"2024-12-05T22:34:27","slug":"contact","status":"publish","type":"page","link":"https:\/\/tropicaltijuana.com.mx\/index.php\/contact\/","title":{"rendered":"Contacto"},"content":{"rendered":"<style type=\"text\/css\"> \n#cmsmasters_row_69e1e25c357840_34745206 { \n\tbackground-image: url(https:\/\/tropicaltijuana.com.mx\/wp-content\/uploads\/Web-Graphics\/Gradient.jpg); \n\tbackground-position: top center; \n\tbackground-repeat: no-repeat; \n\tbackground-attachment: scroll; \n\tbackground-size: cover; \n} \n\n#cmsmasters_row_69e1e25c357840_34745206 .cmsmasters_row_outer_parent { \n\tpadding-top: 50px; \n} \n\n#cmsmasters_row_69e1e25c357840_34745206 .cmsmasters_row_outer_parent { \n\tpadding-bottom: 50px; \n} \n\n \n#cmsmasters_icon_69e1e25c35cbc { \n\tdisplay:block; \n\ttext-align:center; } \n\n#cmsmasters_icon_69e1e25c35cbc .cmsmasters_simple_icon { \n\tborder-width:0px; \n\twidth:70px; \n\theight:70px; \n\tfont-size:50px; \n\tline-height:70px; \n\ttext-align:center; \n\t-webkit-border-radius:50%; \n\tborder-radius:50%; \n\tcolor:#ffffff;} \n \n#cmsmasters_heading_69e1e25c364c67_82484135 { \n\ttext-align:center; \n\tmargin-top:0px; \n\tmargin-bottom:20px; \n} \n\n#cmsmasters_heading_69e1e25c364c67_82484135 .cmsmasters_heading { \n\ttext-align:center; \n} \n\n#cmsmasters_heading_69e1e25c364c67_82484135 .cmsmasters_heading, #cmsmasters_heading_69e1e25c364c67_82484135 .cmsmasters_heading a { \n\tfont-weight:normal; \n\tfont-style:normal; \n\tcolor:#ffffff;\n} \n\n#cmsmasters_heading_69e1e25c364c67_82484135 .cmsmasters_heading_divider { \n} \n\n \n#cmsmasters_heading_69e1e25c365ed7_13079806 { \n\ttext-align:center; \n\tmargin-top:0px; \n\tmargin-bottom:0px; \n} \n\n#cmsmasters_heading_69e1e25c365ed7_13079806 .cmsmasters_heading { \n\ttext-align:center; \n} \n\n#cmsmasters_heading_69e1e25c365ed7_13079806 .cmsmasters_heading, #cmsmasters_heading_69e1e25c365ed7_13079806 .cmsmasters_heading a { \n\tfont-size:22px; \n\tfont-weight:600; \n\tfont-style:normal; \n} \n\n#cmsmasters_heading_69e1e25c365ed7_13079806 .cmsmasters_heading_divider { \n} \n\n \n#cmsmasters_icon_69e1e25c368e2 { \n\tdisplay:block; \n\ttext-align:center; } \n\n#cmsmasters_icon_69e1e25c368e2 .cmsmasters_simple_icon { \n\tborder-width:0px; \n\twidth:70px; \n\theight:70px; \n\tfont-size:50px; \n\tline-height:70px; \n\ttext-align:center; \n\t-webkit-border-radius:50%; \n\tborder-radius:50%; \n\tcolor:#ffffff;} \n \n#cmsmasters_heading_69e1e25c36a0b8_39337670 { \n\ttext-align:center; \n\tmargin-top:0px; \n\tmargin-bottom:20px; \n} \n\n#cmsmasters_heading_69e1e25c36a0b8_39337670 .cmsmasters_heading { \n\ttext-align:center; \n} \n\n#cmsmasters_heading_69e1e25c36a0b8_39337670 .cmsmasters_heading, #cmsmasters_heading_69e1e25c36a0b8_39337670 .cmsmasters_heading a { \n\tfont-weight:normal; \n\tfont-style:normal; \n\tcolor:#ffffff;\n} \n\n#cmsmasters_heading_69e1e25c36a0b8_39337670 .cmsmasters_heading_divider { \n} \n\n \n#cmsmasters_icon_69e1e25c36b1c { \n\tdisplay:block; \n\ttext-align:center; } \n\n#cmsmasters_icon_69e1e25c36b1c .cmsmasters_simple_icon { \n\tborder-width:0px; \n\twidth:70px; \n\theight:70px; \n\tfont-size:50px; \n\tline-height:70px; \n\ttext-align:center; \n\t-webkit-border-radius:50%; \n\tborder-radius:50%; \n\tcolor:#ffffff;} \n \n#cmsmasters_heading_69e1e25c36be32_57165323 { \n\ttext-align:center; \n\tmargin-top:0px; \n\tmargin-bottom:20px; \n} \n\n#cmsmasters_heading_69e1e25c36be32_57165323 .cmsmasters_heading { \n\ttext-align:center; \n} \n\n#cmsmasters_heading_69e1e25c36be32_57165323 .cmsmasters_heading, #cmsmasters_heading_69e1e25c36be32_57165323 .cmsmasters_heading a { \n\tfont-weight:normal; \n\tfont-style:normal; \n\tcolor:#ffffff;\n} \n\n#cmsmasters_heading_69e1e25c36be32_57165323 .cmsmasters_heading_divider { \n} \n\n \n#cmsmasters_heading_69e1e25c36c9f2_01029392 { \n\ttext-align:center; \n\tmargin-top:0px; \n\tmargin-bottom:0px; \n} \n\n#cmsmasters_heading_69e1e25c36c9f2_01029392 .cmsmasters_heading { \n\ttext-align:center; \n} \n\n#cmsmasters_heading_69e1e25c36c9f2_01029392 .cmsmasters_heading, #cmsmasters_heading_69e1e25c36c9f2_01029392 .cmsmasters_heading a { \n\tfont-size:18px; \n\tfont-weight:600; \n\tfont-style:normal; \n} \n\n#cmsmasters_heading_69e1e25c36c9f2_01029392 .cmsmasters_heading_divider { \n} \n\n \n#cmsmasters_row_69e1e25c36ce13_12685869 .cmsmasters_row_outer_parent { \n\tpadding-top: 90px; \n} \n\n#cmsmasters_row_69e1e25c36ce13_12685869 .cmsmasters_row_outer_parent { \n\tpadding-bottom: 120px; \n} \n\n \n#cmsmasters_heading_69e1e25c3736f8_00684121 { \n\ttext-align:center; \n\tmargin-top:0px; \n\tmargin-bottom:40px; \n} \n\n#cmsmasters_heading_69e1e25c3736f8_00684121 .cmsmasters_heading { \n\ttext-align:center; \n} \n\n#cmsmasters_heading_69e1e25c3736f8_00684121 .cmsmasters_heading, #cmsmasters_heading_69e1e25c3736f8_00684121 .cmsmasters_heading a { \n\tfont-size:40px; \n\tfont-weight:600; \n\tfont-style:normal; \n} \n\n#cmsmasters_heading_69e1e25c3736f8_00684121 .cmsmasters_heading_divider { \n} \n\n \n#cmsmasters_heading_69e1e25c399f11_58071262 { \n\ttext-align:center; \n\tmargin-top:0px; \n\tmargin-bottom:40px; \n} \n\n#cmsmasters_heading_69e1e25c399f11_58071262 .cmsmasters_heading { \n\ttext-align:center; \n} \n\n#cmsmasters_heading_69e1e25c399f11_58071262 .cmsmasters_heading, #cmsmasters_heading_69e1e25c399f11_58071262 .cmsmasters_heading a { \n\tfont-size:40px; \n\tfont-weight:600; \n\tfont-style:normal; \n} \n\n#cmsmasters_heading_69e1e25c399f11_58071262 .cmsmasters_heading_divider { \n} \n\n<\/style><div id=\"cmsmasters_row_69e1e25c357840_34745206\" class=\"cmsmasters_row cmsmasters_color_scheme_default cmsmasters_row_top_default cmsmasters_row_bot_default cmsmasters_row_boxed\">\n<div class=\"cmsmasters_row_outer_parent\">\n<div class=\"cmsmasters_row_outer\">\n<div class=\"cmsmasters_row_inner cmsmasters_row_no_margin\">\n<div class=\"cmsmasters_row_margin\">\n<div class=\"cmsmasters_column one_third\">\n\n<div id=\"cmsmasters_icon_69e1e25c35cbc\" class=\"cmsmasters_icon_wrap\"><a href=\"tel:8774978747\"><span class=\"cmsmasters_simple_icon cmsmasters-icon-phone-4\"><\/span><\/a><\/div>\n\n<div id=\"cmsmasters_heading_69e1e25c364c67_82484135\" class=\"cmsmasters_heading_wrap cmsmasters_heading_align_center\">\n\t<h6 class=\"cmsmasters_heading\">Tel\u00e9fono<\/h6>\n<\/div>\n<div id=\"cmsmasters_heading_69e1e25c365ed7_13079806\" class=\"cmsmasters_heading_wrap cmsmasters_heading_align_center\">\n\t<h2 class=\"cmsmasters_heading\"><a href=\"tel:8774978747\">1-877-49STRIP<\/a><\/h2>\n<\/div>\n<\/div>\n<div class=\"cmsmasters_column one_third\">\n\n<div id=\"cmsmasters_icon_69e1e25c368e2\" class=\"cmsmasters_icon_wrap\"><a href=\"https:\/\/www.google.com\/maps\/place\/Tropical+Bar\/@32.5378739,-117.0427711,817m\/data=!3m1!1e3!4m14!1m7!3m6!1s0x80d94906916ac495:0xa30415b0a9256405!2sTropical+Bar!8m2!3d32.5378739!4d-117.0401962!16s%2Fg%2F11cn8dbpwh!3m5!1s0x80d94906916ac495:0xa30415b0a9256405!8m2!3d32.5378739!4d-117.0401962!16s%2Fg%2F11cn8dbpwh!5m1!1e2?entry=ttu&amp;g_ep=EgoyMDI0MDkxMC4wIKXMDSoASAFQAw%3D%3D\" target=\"_blank\"><span class=\"cmsmasters_simple_icon cmsmasters-icon-location-3\"><\/span><\/a><\/div>\n\n<div id=\"cmsmasters_heading_69e1e25c36a0b8_39337670\" class=\"cmsmasters_heading_wrap cmsmasters_heading_align_center\">\n\t<h6 class=\"cmsmasters_heading\">Direcci\u00f3n<\/h6>\n<\/div><div class=\"cmsmasters_text\">\n<h3 style=\"text-align: center; font-size: 22px;\"><a href=\"https:\/\/www.google.com\/maps\/place\/Tropical+Bar\/@32.5378739,-117.0427711,817m\/data=!3m1!1e3!4m14!1m7!3m6!1s0x80d94906916ac495:0xa30415b0a9256405!2sTropical+Bar!8m2!3d32.5378739!4d-117.0401962!16s%2Fg%2F11cn8dbpwh!3m5!1s0x80d94906916ac495:0xa30415b0a9256405!8m2!3d32.5378739!4d-117.0401962!16s%2Fg%2F11cn8dbpwh!5m1!1e2?entry=ttu&amp;g_ep=EgoyMDI0MDkxMC4wIKXMDSoASAFQAw%3D%3D\" target=\"_blank\" rel=\"noopener\">CALLE COAHUILA #2004<\/a><br \/>\n22000 ZONA NORTE<br \/>\nTIJUANA B.C.<\/h3>\n<\/div>\n<\/div>\n<div class=\"cmsmasters_column one_third\">\n\n<div id=\"cmsmasters_icon_69e1e25c36b1c\" class=\"cmsmasters_icon_wrap\"><a href=\"mailto:contact@tropicaltijuana.com\"><span class=\"cmsmasters_simple_icon cmsmasters-icon-mail-3\"><\/span><\/a><\/div>\n\n<div id=\"cmsmasters_heading_69e1e25c36be32_57165323\" class=\"cmsmasters_heading_wrap cmsmasters_heading_align_center\">\n\t<h6 class=\"cmsmasters_heading\">E-mail<\/h6>\n<\/div>\n<div id=\"cmsmasters_heading_69e1e25c36c9f2_01029392\" class=\"cmsmasters_heading_wrap cmsmasters_heading_align_center\">\n\t<h2 class=\"cmsmasters_heading\"><a href=\"mailto:contact@tropicaltijuana.com\">contact@TropicalTijuana.com<\/a><\/h2>\n<\/div>\n<\/div>\n<\/div>\n<\/div>\n<\/div>\n<\/div>\n<\/div>\n<div id=\"cmsmasters_row_69e1e25c36ce13_12685869\" class=\"cmsmasters_row cmsmasters_color_scheme_default cmsmasters_row_top_default cmsmasters_row_bot_default cmsmasters_row_boxed\">\n<div class=\"cmsmasters_row_outer_parent\">\n<div class=\"cmsmasters_row_outer\">\n<div class=\"cmsmasters_row_inner\">\n<div class=\"cmsmasters_row_margin\">\n<div class=\"cmsmasters_column one_half\">\n\n<div id=\"cmsmasters_heading_69e1e25c3736f8_00684121\" class=\"cmsmasters_heading_wrap cmsmasters_heading_align_center\">\n\t<h2 class=\"cmsmasters_heading\">Cont\u00e1ctenos<\/h2>\n<\/div>\n<div class=\"cmsmasters_contact_form\">\n<div class=\"wpcf7 no-js\" id=\"wpcf7-f2539-o1\" lang=\"en-US\" dir=\"ltr\" data-wpcf7-id=\"2539\">\n<div class=\"screen-reader-response\"><p role=\"status\" aria-live=\"polite\" aria-atomic=\"true\"><\/p> <ul><\/ul><\/div>\n<form action=\"\/index.php\/wp-json\/wp\/v2\/pages\/1426#wpcf7-f2539-o1\" method=\"post\" class=\"wpcf7-form init\" aria-label=\"Contact form\" novalidate=\"novalidate\" data-status=\"init\">\n<div style=\"display: none;\">\n<input type=\"hidden\" name=\"_wpcf7\" value=\"2539\" \/>\n<input type=\"hidden\" name=\"_wpcf7_version\" value=\"6.0.4\" \/>\n<input type=\"hidden\" name=\"_wpcf7_locale\" value=\"en_US\" \/>\n<input type=\"hidden\" name=\"_wpcf7_unit_tag\" value=\"wpcf7-f2539-o1\" \/>\n<input type=\"hidden\" name=\"_wpcf7_container_post\" value=\"0\" \/>\n<input type=\"hidden\" name=\"_wpcf7_posted_data_hash\" value=\"\" \/>\n<input type=\"hidden\" name=\"_wpcf7_recaptcha_response\" value=\"\" \/>\n<\/div>\n<p><span class=\"wpcf7-form-control-wrap\" data-name=\"y-first-name\"><input size=\"40\" maxlength=\"400\" class=\"wpcf7-form-control wpcf7-text wpcf7-validates-as-required\" aria-required=\"true\" aria-invalid=\"false\" placeholder=\"*Nombre de pila\" value=\"\" type=\"text\" name=\"y-first-name\" \/><\/span>\n<\/p>\n<p><span class=\"wpcf7-form-control-wrap\" data-name=\"y-last-name\"><input size=\"40\" maxlength=\"400\" class=\"wpcf7-form-control wpcf7-text wpcf7-validates-as-required\" aria-required=\"true\" aria-invalid=\"false\" placeholder=\"*Apellido\" value=\"\" type=\"text\" name=\"y-last-name\" \/><\/span>\n<\/p>\n<p><span class=\"wpcf7-form-control-wrap\" data-name=\"your-email\"><input size=\"40\" maxlength=\"400\" class=\"wpcf7-form-control wpcf7-email wpcf7-validates-as-required wpcf7-text wpcf7-validates-as-email\" autocomplete=\"email\" aria-required=\"true\" aria-invalid=\"false\" placeholder=\"*Email\" value=\"\" type=\"email\" name=\"your-email\" \/><\/span>\n<\/p>\n<p><span class=\"wpcf7-form-control-wrap\" data-name=\"telephone\"><input size=\"40\" maxlength=\"400\" class=\"wpcf7-form-control wpcf7-tel wpcf7-validates-as-required wpcf7-text wpcf7-validates-as-tel\" aria-required=\"true\" aria-invalid=\"false\" placeholder=\"*N\u00famero de tel\u00e9fono\" value=\"\" type=\"tel\" name=\"telephone\" \/><\/span>\n<\/p>\n<p><span class=\"wpcf7-form-control-wrap\" data-name=\"howdid\"><input size=\"40\" maxlength=\"400\" class=\"wpcf7-form-control wpcf7-text\" aria-invalid=\"false\" placeholder=\"\u00bfC\u00f3mo nos ha conocido?\" value=\"\" type=\"text\" name=\"howdid\" \/><\/span>\n<\/p>\n<p><span class=\"wpcf7-form-control-wrap\" data-name=\"reservation\"><textarea cols=\"40\" rows=\"10\" maxlength=\"2000\" class=\"wpcf7-form-control wpcf7-textarea\" aria-invalid=\"false\" name=\"reservation\">Solicitud de reserva<\/textarea><\/span>\n<\/p>\n<p><input class=\"wpcf7-form-control wpcf7-submit has-spinner\" type=\"submit\" value=\"RESERVAR AHORA\" \/>\n<\/p><div class=\"wpcf7-response-output\" aria-hidden=\"true\"><\/div>\n<\/form>\n<\/div>\n<\/div>\n<\/div>\n<div class=\"cmsmasters_column one_half\">\n\n<div id=\"cmsmasters_heading_69e1e25c399f11_58071262\" class=\"cmsmasters_heading_wrap cmsmasters_heading_align_center\">\n\t<h2 class=\"cmsmasters_heading\">FAQ!<\/h2>\n<\/div><div class=\"cmsmasters_toggles toggles_mode_accordion\">\n<div class=\"cmsmasters_toggle_wrap current_toggle\" data-tags=\"all \">\n<div class=\"cmsmasters_toggle_title\">\n<span class=\"cmsmasters_toggle_plus\">\n<span class=\"cmsmasters_theme_icon_toggle_arrow\"><\/span>\n<\/span>\n<a href=\"#\">Viajar a Tijuana<\/a>\n<\/div>\n<div class=\"cmsmasters_toggle\">\n<div class=\"cmsmasters_toggle_inner\">\n<p class=\"p1\">M\u00e9xico es seguro y divertido, solo sigue las reglas. Trae tu pasaporte, D.N.I. y sin armas. Estacione en el lado estadounidense y cruc\u00e9 caminando o conduzca hacia M\u00e9xico y pregunte por nuestro estacionamiento gratuito.<\/p>\n<\/div>\n<\/div>\n<\/div><div class=\"cmsmasters_toggle_wrap\" data-tags=\"all \">\n<div class=\"cmsmasters_toggle_title\">\n<span class=\"cmsmasters_toggle_plus\">\n<span class=\"cmsmasters_theme_icon_toggle_arrow\"><\/span>\n<\/span>\n<a href=\"#\">Zona Shuttle<\/a>\n<\/div>\n<div class=\"cmsmasters_toggle\">\n<div class=\"cmsmasters_toggle_inner\">\n<p class=\"p1\">\u00bfSab\u00edas que tenemos un servicio de transporte GRATUITO que te recoger\u00e1 en el lado de M\u00e9xico y te llevar\u00e1 al club y de regreso? Busque Zona Shuttle despu\u00e9s de cruzar PedEast cuando cruce la frontera.\u00a0<span style=\"font-weight: 400;\"><a href=\"https:\/\/www.facebook.com\/TropicalBarEnglish\/videos\/469054612736061\" target=\"_blank\" rel=\"noopener\"> Saber M\u00e1s.<\/a><\/span><\/p>\n<\/div>\n<\/div>\n<\/div><div class=\"cmsmasters_toggle_wrap\" data-tags=\"all \">\n<div class=\"cmsmasters_toggle_title\">\n<span class=\"cmsmasters_toggle_plus\">\n<span class=\"cmsmasters_theme_icon_toggle_arrow\"><\/span>\n<\/span>\n<a href=\"#\">Hotel Rizo<\/a>\n<\/div>\n<div class=\"cmsmasters_toggle\">\n<div class=\"cmsmasters_toggle_inner\">\n<p class=\"p1\">Hotel Rizo De Oro, justo encima del Tropical Bar. Excelentes habitaciones, excelentes tarifas, reserve hoy en<span style=\"font-weight: 400;\">\u00a0<a href=\"https:\/\/hotelrizodeoro.com.mx\/\" target=\"_blank\" rel=\"noopener\">hotelrizodeoro.com<\/a><\/span><span style=\"font-weight: 400;\">. <\/span>Si busca opciones, el Hotel Cascadas est\u00e1 convenientemente ubicado frente a Hong Kong.<\/p>\n<\/div>\n<\/div>\n<\/div><\/div>\n<\/div>\n<\/div>\n<\/div>\n<\/div>\n<\/div>\n<\/div>\n\n","protected":false},"excerpt":{"rendered":"","protected":false},"author":1,"featured_media":0,"parent":0,"menu_order":0,"comment_status":"closed","ping_status":"closed","template":"","meta":{"footnotes":""},"class_list":["post-1426","page","type-page","status-publish","hentry"],"_links":{"self":[{"href":"https:\/\/tropicaltijuana.com.mx\/index.php\/wp-json\/wp\/v2\/pages\/1426","targetHints":{"allow":["GET"]}}],"collection":[{"href":"https:\/\/tropicaltijuana.com.mx\/index.php\/wp-json\/wp\/v2\/pages"}],"about":[{"href":"https:\/\/tropicaltijuana.com.mx\/index.php\/wp-json\/wp\/v2\/types\/page"}],"author":[{"embeddable":true,"href":"https:\/\/tropicaltijuana.com.mx\/index.php\/wp-json\/wp\/v2\/users\/1"}],"replies":[{"embeddable":true,"href":"https:\/\/tropicaltijuana.com.mx\/index.php\/wp-json\/wp\/v2\/comments?post=1426"}],"version-history":[{"count":33,"href":"https:\/\/tropicaltijuana.com.mx\/index.php\/wp-json\/wp\/v2\/pages\/1426\/revisions"}],"predecessor-version":[{"id":2788,"href":"https:\/\/tropicaltijuana.com.mx\/index.php\/wp-json\/wp\/v2\/pages\/1426\/revisions\/2788"}],"wp:attachment":[{"href":"https:\/\/tropicaltijuana.com.mx\/index.php\/wp-json\/wp\/v2\/media?parent=1426"}],"curies":[{"name":"wp","href":"https:\/\/api.w.org\/{rel}","templated":true}]}}