{"id":1443,"date":"2024-08-17T17:15:55","date_gmt":"2024-08-17T17:15:55","guid":{"rendered":"https:\/\/staging.tropicaltijuana.com\/?page_id=1443"},"modified":"2024-12-05T22:32:03","modified_gmt":"2024-12-05T22:32:03","slug":"the-club","status":"publish","type":"page","link":"https:\/\/tropicaltijuana.com.mx\/index.php\/the-club\/","title":{"rendered":"EL CLUB"},"content":{"rendered":"<style type=\"text\/css\"> \n#cmsmasters_row_69e1e63f8fd324_59250713 .cmsmasters_row_outer_parent { \n\tpadding-top: 0px; \n} \n\n#cmsmasters_row_69e1e63f8fd324_59250713 .cmsmasters_row_outer_parent { \n\tpadding-bottom: 50px; \n} \n\n \n#cmsmasters_heading_69e1e63f8fee58_26528776 { \n\ttext-align:center; \n\tmargin-top:50px; \n\tmargin-bottom:50px; \n} \n\n#cmsmasters_heading_69e1e63f8fee58_26528776 .cmsmasters_heading { \n\ttext-align:center; \n} \n\n#cmsmasters_heading_69e1e63f8fee58_26528776 .cmsmasters_heading, #cmsmasters_heading_69e1e63f8fee58_26528776 .cmsmasters_heading a { \n\tfont-weight:normal; \n\tfont-style:normal; \n} \n\n#cmsmasters_heading_69e1e63f8fee58_26528776 .cmsmasters_heading_divider { \n} \n\n \n#cmsmasters_row_69e1e63f8ff621_08140086 .cmsmasters_row_outer_parent { \n\tpadding-top: 0px; \n} \n\n#cmsmasters_row_69e1e63f8ff621_08140086 .cmsmasters_row_outer_parent { \n\tpadding-bottom: 75px; \n} \n\n \n\n#cmsmasters_fb_69e1e63f900698_02073483 { \n\tbackground-color:#202331;\n\tbackground-image: url(https:\/\/tropicaltijuana.com.mx\/wp-content\/uploads\/Web-Graphics\/AboutBackground.jpg); \n\tbackground-position: top left; \n\tbackground-repeat: no-repeat; \n\tbackground-attachment: scroll; \n\tbackground-size: cover; \n} \n\n#cmsmasters_fb_69e1e63f900698_02073483 .featured_block_inner { \n\twidth: 40%; \n\tpadding: ; \n\ttext-align: center; \n\tfloat:right; \n\tbackground-color:#b43c56;\n} \n\n#cmsmasters_fb_69e1e63f900698_02073483 .featured_block_text { \n\ttext-align: center; \n} \n\n \n#cmsmasters_row_69e1e63f904068_31543924 .cmsmasters_row_outer_parent { \n\tpadding-top: 50px; \n} \n\n#cmsmasters_row_69e1e63f904068_31543924 .cmsmasters_row_outer_parent { \n\tpadding-bottom: 50px; \n} \n\n\n#cmsmasters_button_69e1e63f905847_51880001 { \n\tfloat:left; \n} \n\n#cmsmasters_button_69e1e63f905847_51880001 .cmsmasters_button:before { \n\tmargin-right:.5em; \n\tmargin-left:0; \n\tvertical-align:baseline; \n} \n\n#cmsmasters_button_69e1e63f905847_51880001 .cmsmasters_button { \n\tfont-weight:normal; \n\tfont-style:normal; \n\tborder-style:solid; \n\tbackground-color:#fa255a;\n\tcolor:#ffffff;\n\tborder-color:#fa255a;\n} \n#cmsmasters_button_69e1e63f905847_51880001 .cmsmasters_button:hover { \n} \n \n#cmsmasters_row_69e1e63f905b71_08378645 .cmsmasters_row_outer_parent { \n\tpadding-top: 50px; \n} \n\n#cmsmasters_row_69e1e63f905b71_08378645 .cmsmasters_row_outer_parent { \n\tpadding-bottom: 50px; \n} \n\n\n#cmsmasters_button_69e1e63f906648_30648906 { \n\tfloat:left; \n} \n\n#cmsmasters_button_69e1e63f906648_30648906 .cmsmasters_button:before { \n\tmargin-right:.5em; \n\tmargin-left:0; \n\tvertical-align:baseline; \n} \n\n#cmsmasters_button_69e1e63f906648_30648906 .cmsmasters_button { \n\tfont-weight:normal; \n\tfont-style:normal; \n\tborder-style:solid; \n\tbackground-color:#fa255a;\n\tcolor:#ffffff;\n\tborder-color:#fa255a;\n} \n#cmsmasters_button_69e1e63f906648_30648906 .cmsmasters_button:hover { \n} \n<\/style><div id=\"cmsmasters_row_69e1e63f8fd324_59250713\" class=\"cmsmasters_row cmsmasters_color_scheme_default cmsmasters_row_top_default cmsmasters_row_bot_default cmsmasters_row_boxed\">\n<div class=\"cmsmasters_row_outer_parent\">\n<div class=\"cmsmasters_row_outer\">\n<div class=\"cmsmasters_row_inner\">\n<div class=\"cmsmasters_row_margin\">\n<div class=\"cmsmasters_column one_first\">\n\n<div id=\"cmsmasters_heading_69e1e63f8fee58_26528776\" class=\"cmsmasters_heading_wrap cmsmasters_heading_align_center\">\n\t<h2 class=\"cmsmasters_heading\">UN CLUB NOCTURNO Y CABARET TOTALMENTE DESNUDO<\/h2>\n<\/div><div class=\"cmsmasters_text\">\n<p style=\"text-align: center; color: white; font-size: larger;\"><span style=\"font-weight: 400;\">Ofrecemos emoci\u00f3n de clase mundial con cerveza fr\u00eda, c\u00f3cteles, ver deportes, fiestas privadas, y cientos de bellas coristas internacionales. Usted no encontrar\u00e1 un mejor valor en los EE.UU. o en M\u00e9xico. Disfrute de la intimidad de las salas VIP con vistas a la planta principal mientras toma una copa, o simplemente rel\u00e1jese en el bar. Entretenimiento continuo, \u00a1los 7 d\u00edas de la semana!<\/span><\/p>\n<\/div>\n<\/div>\n<\/div>\n<\/div>\n<\/div>\n<\/div>\n<\/div>\n<div id=\"cmsmasters_row_69e1e63f8ff621_08140086\" class=\"cmsmasters_row cmsmasters_color_scheme_default cmsmasters_row_top_default cmsmasters_row_bot_default cmsmasters_row_boxed\">\n<div class=\"cmsmasters_row_outer_parent\">\n<div class=\"cmsmasters_row_outer\">\n<div class=\"cmsmasters_row_inner\">\n<div class=\"cmsmasters_row_margin\">\n<div class=\"cmsmasters_column one_first\">\n<div id=\"cmsmasters_fb_69e1e63f900698_02073483\" class=\"cmsmasters_featured_block\">\n<div class=\"featured_block_inner\">\n<div class=\"featured_block_text\">\n<div style=\"width: 250px; margin: 0 auto; text-align: left;\">\n<h2 style=\"color: white; margin-top: 40px; text-align: left;\">LA FIESTA<br \/>\nSIGUE TODA<br \/>\nNOCHE<\/h2>\n<\/div>\n<div style=\"width: 250px; margin: 0 auto;\">\n<p style=\"color: white; text-align: left; font-size: 14px; line-height: 3;\">Tropical Bar cuenta con una selecci\u00f3n de muchos de los artistas m\u00e1s bellos del mundo cada noche. Venga y experimente m\u00fasica de baile realmente animada cada noche. Tropical Bar es el destino perfecto para una noche informal en la ciudad, fiestas de empresa, eventos especiales o la tradicional despedida de soltero. Nuestro personal dedicado puede acomodar cualquier tama\u00f1o de grupo u ocasi\u00f3n. Venga y aprov\u00e9che de nuestras ofertas de bebidas.<\/p>\n<\/div>\n<\/div>\n<\/div>\n<\/div>\n<\/div>\n<\/div>\n<\/div>\n<\/div>\n<\/div>\n<\/div>\n<div id=\"cmsmasters_row_69e1e63f904068_31543924\" class=\"cmsmasters_row cmsmasters_color_scheme_default cmsmasters_row_top_default cmsmasters_row_bot_default cmsmasters_row_boxed\">\n<div class=\"cmsmasters_row_outer_parent\">\n<div class=\"cmsmasters_row_outer\">\n<div class=\"cmsmasters_row_inner\">\n<div class=\"cmsmasters_row_margin\">\n<div class=\"cmsmasters_column one_first\">\n<div class=\"cmsmasters_text\">\n<h2>HOTEL RIZO DE ORO<\/h2>\n<p><span style=\"font-weight: 400;\">Convenientemente situado justo encima del Tropical Bar. *Hotel Rizo\u00bb ofrece a sus hu\u00e9spedes una combinaci\u00f3n \u00fanica de habitaciones asequibles y lujosas, -Tambi\u00e9n ofrecemos paquetes \u00fanicos para parejas si lo desea. Disfrute de varias comodidades como televisores, postes de stripper, jacuzzis, e incluso, camas Kama sutra.<\/span><\/p>\n<\/div>\n\n<div id=\"cmsmasters_button_69e1e63f905847_51880001\" class=\"button_wrap\"><a href=\"https:\/\/hotelrizodeoro.com.mx\" class=\"cmsmasters_button\" target=\"_blank\"><span>RESERVE AHORA<\/span><\/a><\/div>\n<\/div>\n<\/div>\n<\/div>\n<\/div>\n<\/div>\n<\/div>\n<div id=\"cmsmasters_row_69e1e63f905b71_08378645\" class=\"cmsmasters_row cmsmasters_color_scheme_default cmsmasters_row_top_default cmsmasters_row_bot_default cmsmasters_row_boxed\">\n<div class=\"cmsmasters_row_outer_parent\">\n<div class=\"cmsmasters_row_outer\">\n<div class=\"cmsmasters_row_inner\">\n<div class=\"cmsmasters_row_margin\">\n<div class=\"cmsmasters_column one_first\">\n<div class=\"cmsmasters_text\">\n<h2><b>RECOGIDA GRATUITA EN LA FRONTERA CON ZONA SHUTTLE<\/b><\/h2>\n<p><span style=\"font-weight: 400;\">Tambi\u00e9n se incluye ZonaShuttle, un servicio GRATUITO que te recoger\u00e1 y te llevar\u00e1 de vuelta a la frontera estadounidense. Seguro, r\u00e1pido y gratuito. Tambi\u00e9n servimos a clientes de Hong Kong, Bar Las Chavelas, Hotel Cascadas, y Hotel Rizo de Oro.<\/span><\/p>\n<\/div>\n\n<div id=\"cmsmasters_button_69e1e63f906648_30648906\" class=\"button_wrap\"><a href=\"https:\/\/www.facebook.com\/TropicalBarEnglish\/videos\/469054612736061\" class=\"cmsmasters_button\" target=\"_blank\"><span>CONOZCA M\u00c1S<\/span><\/a><\/div>\n<\/div>\n<\/div>\n<\/div>\n<\/div>\n<\/div>\n<\/div>\n\n","protected":false},"excerpt":{"rendered":"","protected":false},"author":1,"featured_media":0,"parent":0,"menu_order":0,"comment_status":"closed","ping_status":"closed","template":"","meta":{"footnotes":""},"class_list":["post-1443","page","type-page","status-publish","hentry"],"_links":{"self":[{"href":"https:\/\/tropicaltijuana.com.mx\/index.php\/wp-json\/wp\/v2\/pages\/1443","targetHints":{"allow":["GET"]}}],"collection":[{"href":"https:\/\/tropicaltijuana.com.mx\/index.php\/wp-json\/wp\/v2\/pages"}],"about":[{"href":"https:\/\/tropicaltijuana.com.mx\/index.php\/wp-json\/wp\/v2\/types\/page"}],"author":[{"embeddable":true,"href":"https:\/\/tropicaltijuana.com.mx\/index.php\/wp-json\/wp\/v2\/users\/1"}],"replies":[{"embeddable":true,"href":"https:\/\/tropicaltijuana.com.mx\/index.php\/wp-json\/wp\/v2\/comments?post=1443"}],"version-history":[{"count":26,"href":"https:\/\/tropicaltijuana.com.mx\/index.php\/wp-json\/wp\/v2\/pages\/1443\/revisions"}],"predecessor-version":[{"id":2787,"href":"https:\/\/tropicaltijuana.com.mx\/index.php\/wp-json\/wp\/v2\/pages\/1443\/revisions\/2787"}],"wp:attachment":[{"href":"https:\/\/tropicaltijuana.com.mx\/index.php\/wp-json\/wp\/v2\/media?parent=1443"}],"curies":[{"name":"wp","href":"https:\/\/api.w.org\/{rel}","templated":true}]}}