{"id":1617,"date":"2024-08-18T23:43:51","date_gmt":"2024-08-18T23:43:51","guid":{"rendered":"https:\/\/staging.tropicaltijuana.com\/?page_id=1617"},"modified":"2024-12-11T18:56:38","modified_gmt":"2024-12-11T18:56:38","slug":"specials","status":"publish","type":"page","link":"https:\/\/tropicaltijuana.com.mx\/index.php\/specials\/","title":{"rendered":"ESPECIALES"},"content":{"rendered":"<style type=\"text\/css\"> \n#cmsmasters_row_69e1e216ddf6f6_30008051 { \n\tbackground-color:#202331;\n} \n\n#cmsmasters_row_69e1e216ddf6f6_30008051 .cmsmasters_row_outer_parent { \n\tpadding-top: 80px; \n} \n\n#cmsmasters_row_69e1e216ddf6f6_30008051 .cmsmasters_row_outer_parent { \n\tpadding-bottom: 60px; \n} \n\n\n#cmsmasters_button_69e1e216de7200_05295048 { \n\tfloat:left; \n} \n\n#cmsmasters_button_69e1e216de7200_05295048 .cmsmasters_button:before { \n\tmargin-right:.5em; \n\tmargin-left:0; \n\tvertical-align:baseline; \n} \n\n#cmsmasters_button_69e1e216de7200_05295048 .cmsmasters_button { \n\tfont-weight:normal; \n\tfont-style:normal; \n\tborder-style:solid; \n} \n#cmsmasters_button_69e1e216de7200_05295048 .cmsmasters_button:hover { \n} \n\n#cmsmasters_button_69e1e216dec539_86011218 { \n\tfloat:left; \n} \n\n#cmsmasters_button_69e1e216dec539_86011218 .cmsmasters_button:before { \n\tmargin-right:.5em; \n\tmargin-left:0; \n\tvertical-align:baseline; \n} \n\n#cmsmasters_button_69e1e216dec539_86011218 .cmsmasters_button { \n\tfont-weight:normal; \n\tfont-style:normal; \n\tborder-style:solid; \n} \n#cmsmasters_button_69e1e216dec539_86011218 .cmsmasters_button:hover { \n} \n\n#cmsmasters_button_69e1e216df1a19_86364287 { \n\tfloat:left; \n} \n\n#cmsmasters_button_69e1e216df1a19_86364287 .cmsmasters_button:before { \n\tmargin-right:.5em; \n\tmargin-left:0; \n\tvertical-align:baseline; \n} \n\n#cmsmasters_button_69e1e216df1a19_86364287 .cmsmasters_button { \n\tfont-weight:normal; \n\tfont-style:normal; \n\tborder-style:solid; \n} \n#cmsmasters_button_69e1e216df1a19_86364287 .cmsmasters_button:hover { \n} \n \n#cmsmasters_row_69e1e216df1f05_73924593 .cmsmasters_row_outer_parent { \n\tpadding-top: 50px; \n} \n\n#cmsmasters_row_69e1e216df1f05_73924593 .cmsmasters_row_outer_parent { \n\tpadding-bottom: 50px; \n} \n\n\n#cmsmasters_button_69e1e216df6f68_27880928 { \n\tfloat:left; \n} \n\n#cmsmasters_button_69e1e216df6f68_27880928 .cmsmasters_button:before { \n\tmargin-right:.5em; \n\tmargin-left:0; \n\tvertical-align:baseline; \n} \n\n#cmsmasters_button_69e1e216df6f68_27880928 .cmsmasters_button { \n\tfont-weight:normal; \n\tfont-style:normal; \n\tborder-style:solid; \n} \n#cmsmasters_button_69e1e216df6f68_27880928 .cmsmasters_button:hover { \n} \n\n#cmsmasters_button_69e1e216dfbc79_13949175 { \n\tfloat:left; \n} \n\n#cmsmasters_button_69e1e216dfbc79_13949175 .cmsmasters_button:before { \n\tmargin-right:.5em; \n\tmargin-left:0; \n\tvertical-align:baseline; \n} \n\n#cmsmasters_button_69e1e216dfbc79_13949175 .cmsmasters_button { \n\tfont-weight:normal; \n\tfont-style:normal; \n\tborder-style:solid; \n} \n#cmsmasters_button_69e1e216dfbc79_13949175 .cmsmasters_button:hover { \n} \n \n#cmsmasters_row_69e1e216dfc424_89012507 { \n\tbackground-image: url(https:\/\/tropicaltijuana.com.mx\/wp-content\/uploads\/Web-Graphics\/Gradient.jpg); \n\tbackground-position: top center; \n\tbackground-repeat: no-repeat; \n\tbackground-attachment: scroll; \n\tbackground-size: cover; \n} \n\n#cmsmasters_row_69e1e216dfc424_89012507 .cmsmasters_row_outer_parent { \n\tpadding-top: 80px; \n} \n\n#cmsmasters_row_69e1e216dfc424_89012507 .cmsmasters_row_outer_parent { \n\tpadding-bottom: 60px; \n} \n\n\n#cmsmasters_button_69e1e216e00dc1_50647597 { \n\ttext-align:center; \n} \n\n#cmsmasters_button_69e1e216e00dc1_50647597 .cmsmasters_button:before { \n\tmargin-right:.5em; \n\tmargin-left:0; \n\tvertical-align:baseline; \n} \n\n#cmsmasters_button_69e1e216e00dc1_50647597 .cmsmasters_button { \n\tfont-weight:normal; \n\tfont-style:normal; \n\tborder-style:solid; \n} \n#cmsmasters_button_69e1e216e00dc1_50647597 .cmsmasters_button:hover { \n} \n<\/style><div id=\"cmsmasters_row_69e1e216ddf6f6_30008051\" class=\"cmsmasters_row cmsmasters_color_scheme_default cmsmasters_row_top_default cmsmasters_row_bot_default cmsmasters_row_boxed\">\n<div class=\"cmsmasters_row_outer_parent\">\n<div class=\"cmsmasters_row_outer\">\n<div class=\"cmsmasters_row_inner\">\n<div class=\"cmsmasters_row_margin\">\n<div class=\"cmsmasters_column one_third\">\n<div class=\"cmsmasters_img  cmsmasters_image_n\">\n<a href=\"https:\/\/tropicaltijuana.com.mx\/wp-content\/uploads\/Coupons\/Coupons-Tropical-5Off-Bucket-v1-SP.pdf\" target=\"_blank\"><img decoding=\"async\" src=\"https:\/\/tropicaltijuana.com.mx\/wp-content\/uploads\/Coupons\/Coupon-Bucket-Of-Beer-SP-300x192.jpg\" \/><\/a>\n<\/div>\n<div class=\"cmsmasters_text\">\n<h2><\/h2>\n<h2><a href=\"https:\/\/tropicaltijuana.com.mx\/wp-content\/uploads\/Coupons\/Coupons-Tropical-5Off-Bucket-v1-SP.pdf\" target=\"_blank\" rel=\"noopener\">5 $ DE DESCUENTO EN UN CUBO<\/a><\/h2>\n<h6 style=\"color: white;\">Descuento de 5 $ en un cubo de cerveza. Lunes, martes y mi\u00e9rcoles. V\u00e1lido despu\u00e9s de las 23h.<\/h6>\n<\/div>\n\n<div id=\"cmsmasters_button_69e1e216de7200_05295048\" class=\"button_wrap\"><a href=\"https:\/\/tropicaltijuana.com.mx\/wp-content\/uploads\/Coupons\/Coupons-Tropical-5Off-Bucket-v1-SP.pdf\" class=\"cmsmasters_button\" target=\"_blank\"><span>IMPRIMIR PDF<\/span><\/a><\/div>\n<\/div>\n<div class=\"cmsmasters_column one_third\">\n<div class=\"cmsmasters_img  cmsmasters_image_n\">\n<a href=\"https:\/\/tropicaltijuana.com.mx\/wp-content\/uploads\/Coupons\/Coupons-Tropical-40Off-Hotel-v1-SP.pdf\" target=\"_blank\"><img decoding=\"async\" src=\"https:\/\/tropicaltijuana.com.mx\/wp-content\/uploads\/Coupons\/Coupon-40-Off-Hotel-SP-300x192.jpg\" \/><\/a>\n<\/div>\n<div class=\"cmsmasters_text\">\n<h2><\/h2>\n<h2><a href=\"https:\/\/tropicaltijuana.com.mx\/wp-content\/uploads\/Coupons\/Coupons-Tropical-40Off-Hotel-v1-SP.pdf\" target=\"_blank\" rel=\"noopener\">40% DE DESCUENTO HOTEL<\/a><\/h2>\n<h6 style=\"color: white; margin-bottom: 40px;\">40% de descuento en una habitaci\u00f3n del Hotel Rizo de Oro. S\u00f3lo lunes, martes y mi\u00e9rcoles*.<\/h6>\n<\/div>\n\n<div id=\"cmsmasters_button_69e1e216dec539_86011218\" class=\"button_wrap\"><a href=\"https:\/\/tropicaltijuana.com.mx\/wp-content\/uploads\/Coupons\/Coupons-Tropical-40Off-Hotel-v1-SP.pdf\" class=\"cmsmasters_button\" target=\"_blank\"><span>IMPRIMIR PDF<\/span><\/a><\/div>\n<\/div>\n<div class=\"cmsmasters_column one_third\">\n<div class=\"cmsmasters_img  cmsmasters_image_n\">\n<a href=\"https:\/\/tropicaltijuana.com.mx\/wp-content\/uploads\/Coupons\/Coupons-Tropical-Free-Drink-v1-SP.pdf\" target=\"_blank\"><img decoding=\"async\" src=\"https:\/\/tropicaltijuana.com.mx\/wp-content\/uploads\/Coupons\/Coupon-One-Free-Drink-SP-300x192.jpg\" \/><\/a>\n<\/div>\n<div class=\"cmsmasters_text\">\n<h2><\/h2>\n<h2><a href=\"https:\/\/tropicaltijuana.com.mx\/wp-content\/uploads\/Coupons\/Coupons-Tropical-Free-Drink-v1-SP.pdf\" target=\"_blank\" rel=\"noopener\">UNA BEBIDA GRATIS<\/a><\/h2>\n<h6 style=\"color: white; margin-bottom: 40px;\">1 bebida gratis &#8211; \u00a1Con nosotros! Compre la primera y ll\u00e9vese la segunda gratis.<\/h6>\n<\/div>\n\n<div id=\"cmsmasters_button_69e1e216df1a19_86364287\" class=\"button_wrap\"><a href=\"https:\/\/tropicaltijuana.com.mx\/wp-content\/uploads\/Coupons\/Coupons-Tropical-Free-Drink-v1-SP.pdf\" class=\"cmsmasters_button\" target=\"_blank\"><span>IMPRIMIR PDF<\/span><\/a><\/div>\n<\/div>\n<\/div>\n<\/div>\n<\/div>\n<\/div>\n<\/div>\n<div id=\"cmsmasters_row_69e1e216df1f05_73924593\" class=\"cmsmasters_row cmsmasters_color_scheme_default cmsmasters_row_top_default cmsmasters_row_bot_default cmsmasters_row_boxed\">\n<div class=\"cmsmasters_row_outer_parent\">\n<div class=\"cmsmasters_row_outer\">\n<div class=\"cmsmasters_row_inner\">\n<div class=\"cmsmasters_row_margin\">\n<div class=\"cmsmasters_column one_third\">\n<div class=\"cmsmasters_img  cmsmasters_image_n\">\n<a href=\"https:\/\/tropicaltijuana.com.mx\/wp-content\/uploads\/Coupons\/Coupons-Tropical-Free-Pickup-v1-SP.pdf\" target=\"_blank\"><img decoding=\"async\" src=\"https:\/\/tropicaltijuana.com.mx\/wp-content\/uploads\/Coupons\/Coupon-Free-Border-Pickup-SP-300x192.jpg\" \/><\/a>\n<\/div>\n<div class=\"cmsmasters_text\">\n<h2><\/h2>\n<h2><a href=\"https:\/\/tropicaltijuana.com.mx\/wp-content\/uploads\/Coupons\/Coupons-Tropical-Free-Pickup-v1-SP.pdf\" target=\"_blank\" rel=\"noopener\">RECOGIDA GRATUITA EN LA FRONTERA<\/a><\/h2>\n<h6 style=\"color: white;\">\u00a1Recogida Gratuita en Frontera! Y regreso a la frontera de EE.UU. Aseg\u00farese de hacer una reserva. Consulte el sitio web para m\u00e1s detalles.<\/h6>\n<\/div>\n\n<div id=\"cmsmasters_button_69e1e216df6f68_27880928\" class=\"button_wrap\"><a href=\"https:\/\/tropicaltijuana.com.mx\/wp-content\/uploads\/Coupons\/Coupons-Tropical-Free-Pickup-v1-SP.pdf\" class=\"cmsmasters_button\" target=\"_blank\"><span>IMPRIMIR PDF<\/span><\/a><\/div>\n<\/div>\n<div class=\"cmsmasters_column one_third\">\n<div class=\"cmsmasters_img  cmsmasters_image_n\">\n<a href=\"https:\/\/tropicaltijuana.com.mx\/wp-content\/uploads\/Coupons\/Coupons-Tropical-2025-Free-App-v1-SP.pdf\" target=\"_blank\"><img decoding=\"async\" src=\"https:\/\/tropicaltijuana.com.mx\/wp-content\/uploads\/Coupons\/Coupon-Free-Appetizer-SP-300x192.jpg\" \/><\/a>\n<\/div>\n<div class=\"cmsmasters_text\">\n<h2><\/h2>\n<h2><a href=\"https:\/\/tropicaltijuana.com.mx\/wp-content\/uploads\/Coupons\/Coupons-Tropical-2025-Free-App-v1-SP.pdf\" target=\"_blank\" rel=\"noopener\">APERITIVO GRATIS<\/a><\/h2>\n<h6 style=\"color: white;\">\u00a1Aperitivo gratis con nosotros! Compra uno y ll\u00e9vate el segundo gratis. *Igual o menor valor es gratis.<\/h6>\n<\/div>\n\n<div id=\"cmsmasters_button_69e1e216dfbc79_13949175\" class=\"button_wrap\"><a href=\"https:\/\/tropicaltijuana.com.mx\/wp-content\/uploads\/Coupons\/Coupons-Tropical-2025-Free-App-v1-SP.pdf\" class=\"cmsmasters_button\" target=\"_blank\"><span>IMPRIMIR PDF<\/span><\/a><\/div>\n<\/div>\n<div class=\"cmsmasters_column one_third\">\n<\/div>\n<\/div>\n<\/div>\n<\/div>\n<\/div>\n<\/div>\n<div id=\"cmsmasters_row_69e1e216dfc424_89012507\" class=\"cmsmasters_row cmsmasters_color_scheme_default cmsmasters_row_top_default cmsmasters_row_bot_default cmsmasters_row_boxed\">\n<div class=\"cmsmasters_row_outer_parent\">\n<div class=\"cmsmasters_row_outer\">\n<div class=\"cmsmasters_row_inner\">\n<div class=\"cmsmasters_row_margin\">\n<div class=\"cmsmasters_column one_first\">\n<div class=\"cmsmasters_text\">\n<h2 style=\"text-align: center;\">RESERVE HOY MISMO<\/h2>\n<h6 style=\"color: white; text-align: center;\">Pong\u00e1monos Tropicales<\/h6>\n<\/div>\n\n<div id=\"cmsmasters_button_69e1e216e00dc1_50647597\" class=\"button_wrap\"><a href=\"https:\/\/tropicaltijuana.com.mx\/index.php\/reservations\/\" class=\"cmsmasters_button\"><span>Reservar Ahora<\/span><\/a><\/div>\n<\/div>\n<\/div>\n<\/div>\n<\/div>\n<\/div>\n<\/div>\n\n","protected":false},"excerpt":{"rendered":"","protected":false},"author":1,"featured_media":0,"parent":0,"menu_order":0,"comment_status":"closed","ping_status":"closed","template":"","meta":{"footnotes":""},"class_list":["post-1617","page","type-page","status-publish","hentry"],"_links":{"self":[{"href":"https:\/\/tropicaltijuana.com.mx\/index.php\/wp-json\/wp\/v2\/pages\/1617","targetHints":{"allow":["GET"]}}],"collection":[{"href":"https:\/\/tropicaltijuana.com.mx\/index.php\/wp-json\/wp\/v2\/pages"}],"about":[{"href":"https:\/\/tropicaltijuana.com.mx\/index.php\/wp-json\/wp\/v2\/types\/page"}],"author":[{"embeddable":true,"href":"https:\/\/tropicaltijuana.com.mx\/index.php\/wp-json\/wp\/v2\/users\/1"}],"replies":[{"embeddable":true,"href":"https:\/\/tropicaltijuana.com.mx\/index.php\/wp-json\/wp\/v2\/comments?post=1617"}],"version-history":[{"count":34,"href":"https:\/\/tropicaltijuana.com.mx\/index.php\/wp-json\/wp\/v2\/pages\/1617\/revisions"}],"predecessor-version":[{"id":2809,"href":"https:\/\/tropicaltijuana.com.mx\/index.php\/wp-json\/wp\/v2\/pages\/1617\/revisions\/2809"}],"wp:attachment":[{"href":"https:\/\/tropicaltijuana.com.mx\/index.php\/wp-json\/wp\/v2\/media?parent=1617"}],"curies":[{"name":"wp","href":"https:\/\/api.w.org\/{rel}","templated":true}]}}