{"id":676,"date":"2016-08-11T13:26:26","date_gmt":"2016-08-11T13:26:26","guid":{"rendered":"http:\/\/buzz-club.cmsmasters.net\/?page_id=676"},"modified":"2024-11-16T23:46:44","modified_gmt":"2024-11-16T23:46:44","slug":"events","status":"publish","type":"page","link":"https:\/\/tropicaltijuana.com.mx\/index.php\/events\/","title":{"rendered":"EVENTOS"},"content":{"rendered":"<style type=\"text\/css\"> \n#cmsmasters_row_69e1e640304538_87475390 { \n\tbackground-image: url(https:\/\/tropicaltijuana.com.mx\/wp-content\/uploads\/Web-Graphics\/Events-Tropical.jpg); \n\tbackground-position: top center; \n\tbackground-repeat: no-repeat; \n\tbackground-attachment: scroll; \n\tbackground-size: cover; \n} \n\n#cmsmasters_row_69e1e640304538_87475390 .cmsmasters_row_outer_parent { \n\tpadding-top: 250px; \n} \n\n#cmsmasters_row_69e1e640304538_87475390 .cmsmasters_row_outer_parent { \n\tpadding-bottom: 150px; \n} \n\n \n#cmsmasters_heading_69e1e6403098b7_86893252 { \n\ttext-align:center; \n\tmargin-top:0px; \n\tmargin-bottom:20px; \n} \n\n#cmsmasters_heading_69e1e6403098b7_86893252 .cmsmasters_heading { \n\ttext-align:center; \n} \n\n#cmsmasters_heading_69e1e6403098b7_86893252 .cmsmasters_heading, #cmsmasters_heading_69e1e6403098b7_86893252 .cmsmasters_heading a { \n\tfont-size:56px; \n\tline-height:70px; \n\tfont-weight:600; \n\tfont-style:normal; \n\tcolor:#ffffff;\n} \n\n#cmsmasters_heading_69e1e6403098b7_86893252 .cmsmasters_heading_divider { \n} \n\n \n#cmsmasters_heading_69e1e64030a624_60645069 { \n\ttext-align:center; \n\tmargin-top:0px; \n\tmargin-bottom:20px; \n} \n\n#cmsmasters_heading_69e1e64030a624_60645069 .cmsmasters_heading { \n\ttext-align:center; \n} \n\n#cmsmasters_heading_69e1e64030a624_60645069 .cmsmasters_heading, #cmsmasters_heading_69e1e64030a624_60645069 .cmsmasters_heading a { \n\tfont-family:'Poppins'; \n\tfont-size:18px; \n\tfont-weight:normal; \n\tfont-style:normal; \n} \n\n#cmsmasters_heading_69e1e64030a624_60645069 .cmsmasters_heading_divider { \n} \n\n \n#cmsmasters_row_69e1e64030aa52_92257990 .cmsmasters_row_outer_parent { \n\tpadding-top: 30px; \n} \n\n#cmsmasters_row_69e1e64030aa52_92257990 .cmsmasters_row_outer_parent { \n\tpadding-bottom: 50px; \n} \n\n<\/style><div id=\"cmsmasters_row_69e1e640304538_87475390\" class=\"cmsmasters_row cmsmasters_color_scheme_default cmsmasters_row_top_default cmsmasters_row_bot_default cmsmasters_row_boxed\">\n<div class=\"cmsmasters_row_outer_parent\">\n<div class=\"cmsmasters_row_outer\">\n<div class=\"cmsmasters_row_inner\">\n<div class=\"cmsmasters_row_margin\">\n<div class=\"cmsmasters_column one_first\">\n\n<div id=\"cmsmasters_heading_69e1e6403098b7_86893252\" class=\"cmsmasters_heading_wrap cmsmasters_heading_align_center\">\n\t<h2 class=\"cmsmasters_heading\">TROPICAL EVENTOS<\/h2>\n<\/div>\n<div id=\"cmsmasters_heading_69e1e64030a624_60645069\" class=\"cmsmasters_heading_wrap cmsmasters_heading_align_center\">\n\t<h6 class=\"cmsmasters_heading\">\u00a1VEN A TROPICAL!<\/h6>\n<\/div>\n<\/div>\n<\/div>\n<\/div>\n<\/div>\n<\/div>\n<\/div>\n<div id=\"cmsmasters_row_69e1e64030aa52_92257990\" class=\"cmsmasters_row cmsmasters_color_scheme_default cmsmasters_row_top_default cmsmasters_row_bot_default cmsmasters_row_boxed\">\n<div class=\"cmsmasters_row_outer_parent\">\n<div class=\"cmsmasters_row_outer\">\n<div class=\"cmsmasters_row_inner\">\n<div class=\"cmsmasters_row_margin\">\n<div class=\"cmsmasters_column two_third\">\n<div class=\"cmsmasters_wrap_blog entry-summary\" id=\"blog_69e1e64030bc59_71871223\"><div class=\"blog standard\">\r\n<!--_________________________ Start Image Article _________________________ -->\r\n\r\n<article id=\"post-2926\" class=\"cmsmasters_post_default post-2926 post type-post status-publish format-image has-post-thumbnail hentry category-event post_format-post-format-image\">\r\n\t<div class=\"cmsmasters_post_cont\">\r\n\t\t<figure class=\"cmsmasters_img_wrap\"><a href=\"https:\/\/tropicaltijuana.com.mx\/wp-content\/uploads\/Events\/Tropical-MLS-2026-Home-v1-SP.jpg\" title=\"San Diego FC, En Vivo\" rel=\"ilightbox[img_2926_69e1e64032b8d]\" class=\"cmsmasters_img_link\"><img loading=\"lazy\" decoding=\"async\" width=\"860\" height=\"482\" src=\"https:\/\/tropicaltijuana.com.mx\/wp-content\/uploads\/Events\/Tropical-MLS-2026-Home-v1-SP.jpg\" class=\" wp-post-image\" alt=\"San Diego FC, En Vivo\" title=\"San Diego FC, En Vivo\" srcset=\"https:\/\/tropicaltijuana.com.mx\/wp-content\/uploads\/Events\/Tropical-MLS-2026-Home-v1-SP.jpg 860w, https:\/\/tropicaltijuana.com.mx\/wp-content\/uploads\/Events\/Tropical-MLS-2026-Home-v1-SP-300x168.jpg 300w, https:\/\/tropicaltijuana.com.mx\/wp-content\/uploads\/Events\/Tropical-MLS-2026-Home-v1-SP-768x430.jpg 768w, https:\/\/tropicaltijuana.com.mx\/wp-content\/uploads\/Events\/Tropical-MLS-2026-Home-v1-SP-580x325.jpg 580w\" sizes=\"auto, (max-width: 860px) 100vw, 860px\" \/><\/a><\/figure>\t\t\r\n\t\t<div class=\"cmsmasters_post_header_wrap\">\r\n\t\t\t<div class=\"cmsmasters_post_header_inner\"><header class=\"cmsmasters_post_header entry-header\"><h3 class=\"cmsmasters_post_title entry-title\"><a href=\"https:\/\/tropicaltijuana.com.mx\/index.php\/2026\/01\/01\/ver-la-mls-en-vivo\/\">San Diego FC, En Vivo<\/a><\/h3><\/header><\/div>\t\t\r\n\t\t<\/div>\r\n\t\t<div class=\"cmsmasters_post_content entry-content\">\n<p>\u00a1Ven a Tropical! Cerveza fr\u00eda, chicas sexys y muchas pantallas grandes, \u00bfa qu\u00e9 esperas? RESERVA AHORA.<\/p>\n<\/div>\n\t<\/div>\r\n<\/article>\r\n<!--_________________________ Finish Image Article _________________________ -->\r\n\r\n\r\n<!--_________________________ Start Image Article _________________________ -->\r\n\r\n<article id=\"post-2949\" class=\"cmsmasters_post_default post-2949 post type-post status-publish format-image has-post-thumbnail hentry category-event post_format-post-format-image\">\r\n\t<div class=\"cmsmasters_post_cont\">\r\n\t\t<figure class=\"cmsmasters_img_wrap\"><a href=\"https:\/\/tropicaltijuana.com.mx\/wp-content\/uploads\/Events\/Tropical-Spring-Fest-2026-Home-v1-SP.jpg\" title=\"23 Abr &#8211; Spring Fest\" rel=\"ilightbox[img_2949_69e1e64033886]\" class=\"cmsmasters_img_link\"><img loading=\"lazy\" decoding=\"async\" width=\"860\" height=\"482\" src=\"https:\/\/tropicaltijuana.com.mx\/wp-content\/uploads\/Events\/Tropical-Spring-Fest-2026-Home-v1-SP.jpg\" class=\" wp-post-image\" alt=\"23 Abr &#8211; Spring Fest\" title=\"23 Abr &#8211; Spring Fest\" srcset=\"https:\/\/tropicaltijuana.com.mx\/wp-content\/uploads\/Events\/Tropical-Spring-Fest-2026-Home-v1-SP.jpg 860w, https:\/\/tropicaltijuana.com.mx\/wp-content\/uploads\/Events\/Tropical-Spring-Fest-2026-Home-v1-SP-300x168.jpg 300w, https:\/\/tropicaltijuana.com.mx\/wp-content\/uploads\/Events\/Tropical-Spring-Fest-2026-Home-v1-SP-768x430.jpg 768w, https:\/\/tropicaltijuana.com.mx\/wp-content\/uploads\/Events\/Tropical-Spring-Fest-2026-Home-v1-SP-580x325.jpg 580w\" sizes=\"auto, (max-width: 860px) 100vw, 860px\" \/><\/a><\/figure>\t\t\r\n\t\t<div class=\"cmsmasters_post_header_wrap\">\r\n\t\t\t<div class=\"cmsmasters_post_header_inner\"><header class=\"cmsmasters_post_header entry-header\"><h3 class=\"cmsmasters_post_title entry-title\"><a href=\"https:\/\/tropicaltijuana.com.mx\/index.php\/2026\/02\/01\/24-abr-spring-fest\/\">23 Abr &#8211; Spring Fest<\/a><\/h3><\/header><\/div>\t\t\r\n\t\t<\/div>\r\n\t\t<div class=\"cmsmasters_post_content entry-content\">\n<p>Spring Fest ya est\u00e1 aqu\u00ed. A medida que la primavera se calienta, tambi\u00e9n lo hacen las chicas de Tropical. \u00a1Nos...<\/p>\n<\/div>\n\t<\/div>\r\n<\/article>\r\n<!--_________________________ Finish Image Article _________________________ -->\r\n\r\n\r\n<!--_________________________ Start Image Article _________________________ -->\r\n\r\n<article id=\"post-3545\" class=\"cmsmasters_post_default post-3545 post type-post status-publish format-image has-post-thumbnail hentry category-event post_format-post-format-image\">\r\n\t<div class=\"cmsmasters_post_cont\">\r\n\t\t<figure class=\"cmsmasters_img_wrap\"><a href=\"https:\/\/tropicaltijuana.com.mx\/wp-content\/uploads\/Events\/Tropical-Padres-2026-Home-v1-SP.jpg\" title=\"Padres, En Vivo!\" rel=\"ilightbox[img_3545_69e1e64034564]\" class=\"cmsmasters_img_link\"><img loading=\"lazy\" decoding=\"async\" width=\"860\" height=\"482\" src=\"https:\/\/tropicaltijuana.com.mx\/wp-content\/uploads\/Events\/Tropical-Padres-2026-Home-v1-SP.jpg\" class=\" wp-post-image\" alt=\"Padres, En Vivo!\" title=\"Padres, En Vivo!\" srcset=\"https:\/\/tropicaltijuana.com.mx\/wp-content\/uploads\/Events\/Tropical-Padres-2026-Home-v1-SP.jpg 860w, https:\/\/tropicaltijuana.com.mx\/wp-content\/uploads\/Events\/Tropical-Padres-2026-Home-v1-SP-300x168.jpg 300w, https:\/\/tropicaltijuana.com.mx\/wp-content\/uploads\/Events\/Tropical-Padres-2026-Home-v1-SP-768x430.jpg 768w, https:\/\/tropicaltijuana.com.mx\/wp-content\/uploads\/Events\/Tropical-Padres-2026-Home-v1-SP-580x325.jpg 580w\" sizes=\"auto, (max-width: 860px) 100vw, 860px\" \/><\/a><\/figure>\t\t\r\n\t\t<div class=\"cmsmasters_post_header_wrap\">\r\n\t\t\t<div class=\"cmsmasters_post_header_inner\"><header class=\"cmsmasters_post_header entry-header\"><h3 class=\"cmsmasters_post_title entry-title\"><a href=\"https:\/\/tropicaltijuana.com.mx\/index.php\/2026\/02\/06\/padres-en-vivo\/\">Padres, En Vivo!<\/a><\/h3><\/header><\/div>\t\t\r\n\t\t<\/div>\r\n\t\t<div class=\"cmsmasters_post_content entry-content\">\n<p>Los Padres y las chicas de Tropical: \u00bfQu\u00e9 m\u00e1s se puede pedir? Reserva Ahora. &nbsp;<\/p>\n<\/div>\n\t<\/div>\r\n<\/article>\r\n<!--_________________________ Finish Image Article _________________________ -->\r\n\r\n\r\n<!--_________________________ Start Image Article _________________________ -->\r\n\r\n<article id=\"post-3034\" class=\"cmsmasters_post_default post-3034 post type-post status-publish format-image has-post-thumbnail hentry category-event post_format-post-format-image\">\r\n\t<div class=\"cmsmasters_post_cont\">\r\n\t\t<figure class=\"cmsmasters_img_wrap\"><a href=\"https:\/\/tropicaltijuana.com.mx\/wp-content\/uploads\/Events\/Tropical-Lingerie-2026-Home-v1-SP.jpg\" title=\"21 Mayo &#8211; Concurso de Lencer\u00eda\" rel=\"ilightbox[img_3034_69e1e64035248]\" class=\"cmsmasters_img_link\"><img loading=\"lazy\" decoding=\"async\" width=\"860\" height=\"482\" src=\"https:\/\/tropicaltijuana.com.mx\/wp-content\/uploads\/Events\/Tropical-Lingerie-2026-Home-v1-SP.jpg\" class=\" wp-post-image\" alt=\"21 Mayo &#8211; Concurso de Lencer\u00eda\" title=\"21 Mayo &#8211; Concurso de Lencer\u00eda\" srcset=\"https:\/\/tropicaltijuana.com.mx\/wp-content\/uploads\/Events\/Tropical-Lingerie-2026-Home-v1-SP.jpg 860w, https:\/\/tropicaltijuana.com.mx\/wp-content\/uploads\/Events\/Tropical-Lingerie-2026-Home-v1-SP-300x168.jpg 300w, https:\/\/tropicaltijuana.com.mx\/wp-content\/uploads\/Events\/Tropical-Lingerie-2026-Home-v1-SP-768x430.jpg 768w, https:\/\/tropicaltijuana.com.mx\/wp-content\/uploads\/Events\/Tropical-Lingerie-2026-Home-v1-SP-580x325.jpg 580w\" sizes=\"auto, (max-width: 860px) 100vw, 860px\" \/><\/a><\/figure>\t\t\r\n\t\t<div class=\"cmsmasters_post_header_wrap\">\r\n\t\t\t<div class=\"cmsmasters_post_header_inner\"><header class=\"cmsmasters_post_header entry-header\"><h3 class=\"cmsmasters_post_title entry-title\"><a href=\"https:\/\/tropicaltijuana.com.mx\/index.php\/2026\/02\/07\/22-mayo-concurso-de-lenceria\/\">21 Mayo &#8211; Concurso de Lencer\u00eda<\/a><\/h3><\/header><\/div>\t\t\r\n\t\t<\/div>\r\n\t\t<div class=\"cmsmasters_post_content entry-content\">\n<p>\u00a1No te pierdas de esta noche seductora! Toma el poder de la lencer\u00eda en Tropical. Reserva Ahora. &nbsp;<\/p>\n<\/div>\n\t<\/div>\r\n<\/article>\r\n<!--_________________________ Finish Image Article _________________________ -->\r\n\r\n<\/div><\/div>\n<\/div>\n<div class=\"cmsmasters_column one_third\">\n<\/div>\n<\/div>\n<\/div>\n<\/div>\n<\/div>\n<\/div>\n\n","protected":false},"excerpt":{"rendered":"","protected":false},"author":1,"featured_media":0,"parent":0,"menu_order":0,"comment_status":"closed","ping_status":"closed","template":"","meta":{"footnotes":""},"class_list":["post-676","page","type-page","status-publish","hentry"],"_links":{"self":[{"href":"https:\/\/tropicaltijuana.com.mx\/index.php\/wp-json\/wp\/v2\/pages\/676","targetHints":{"allow":["GET"]}}],"collection":[{"href":"https:\/\/tropicaltijuana.com.mx\/index.php\/wp-json\/wp\/v2\/pages"}],"about":[{"href":"https:\/\/tropicaltijuana.com.mx\/index.php\/wp-json\/wp\/v2\/types\/page"}],"author":[{"embeddable":true,"href":"https:\/\/tropicaltijuana.com.mx\/index.php\/wp-json\/wp\/v2\/users\/1"}],"replies":[{"embeddable":true,"href":"https:\/\/tropicaltijuana.com.mx\/index.php\/wp-json\/wp\/v2\/comments?post=676"}],"version-history":[{"count":14,"href":"https:\/\/tropicaltijuana.com.mx\/index.php\/wp-json\/wp\/v2\/pages\/676\/revisions"}],"predecessor-version":[{"id":2705,"href":"https:\/\/tropicaltijuana.com.mx\/index.php\/wp-json\/wp\/v2\/pages\/676\/revisions\/2705"}],"wp:attachment":[{"href":"https:\/\/tropicaltijuana.com.mx\/index.php\/wp-json\/wp\/v2\/media?parent=676"}],"curies":[{"name":"wp","href":"https:\/\/api.w.org\/{rel}","templated":true}]}}